{"id":1110,"date":"2023-07-03T18:45:16","date_gmt":"2023-07-03T18:45:16","guid":{"rendered":"https:\/\/peopleinbest.pt\/?page_id=1110"},"modified":"2023-07-06T15:26:37","modified_gmt":"2023-07-06T15:26:37","slug":"contactos-en","status":"publish","type":"page","link":"https:\/\/peopleinbest.pt\/en\/contactos-en\/","title":{"rendered":"Contactos &#8211; EN"},"content":{"rendered":"<h2 style=\"color: #1d1a55;\">Talk to us<\/h2>\n<ul>\n<li>\n\t\t\t\t\t\t\t\t\t\t\t<a href=\"mailto:info@peopleinbest.es\"><br \/>\n\t\t\t\t\t\t\t<svg xmlns=\"http:\/\/www.w3.org\/2000\/svg\" width=\"24\" height=\"24\" viewbox=\"0 0 24 24\" fill=\"none\"><path d=\"M1.5 8.66998V17.25C1.5 18.0456 1.81607 18.8087 2.37868 19.3713C2.94129 19.9339 3.70435 20.25 4.5 20.25H19.5C20.2956 20.25 21.0587 19.9339 21.6213 19.3713C22.1839 18.8087 22.5 18.0456 22.5 17.25V8.66998L13.572 14.163C13.0992 14.4538 12.5551 14.6078 12 14.6078C11.4449 14.6078 10.9008 14.4538 10.428 14.163L1.5 8.66998Z\" fill=\"#007DF1\"><\/path><path d=\"M22.5 6.908V6.75C22.5 5.95435 22.1839 5.19129 21.6213 4.62868C21.0587 4.06607 20.2956 3.75 19.5 3.75H4.5C3.70435 3.75 2.94129 4.06607 2.37868 4.62868C1.81607 5.19129 1.5 5.95435 1.5 6.75V6.908L11.214 12.886C11.4504 13.0314 11.7225 13.1084 12 13.1084C12.2775 13.1084 12.5496 13.0314 12.786 12.886L22.5 6.908Z\" fill=\"#007DF1\"><\/path><\/svg><br \/>\n\t\t\t\t\t\t\t\t\t\tinfo@peopleinbest.es<br \/>\n\t\t\t\t\t\t\t\t\t\t\t<\/a>\n\t\t\t\t\t\t\t\t\t<\/li>\n<\/ul>\n<p>\t\t\t\t\t\t\t\t\t\t\t\t\t\t\t<img loading=\"lazy\" decoding=\"async\" width=\"510\" height=\"572\" src=\"https:\/\/peopleinbest.pt\/wp-content\/uploads\/2023\/05\/contactos.png\" alt=\"\" srcset=\"https:\/\/peopleinbest.pt\/wp-content\/uploads\/2023\/05\/contactos.png 510w, https:\/\/peopleinbest.pt\/wp-content\/uploads\/2023\/05\/contactos-267x300.png 267w, https:\/\/peopleinbest.pt\/wp-content\/uploads\/2023\/05\/contactos-130x146.png 130w, https:\/\/peopleinbest.pt\/wp-content\/uploads\/2023\/05\/contactos-45x50.png 45w, https:\/\/peopleinbest.pt\/wp-content\/uploads\/2023\/05\/contactos-67x75.png 67w, https:\/\/peopleinbest.pt\/wp-content\/uploads\/2023\/05\/contactos-480x538.png 480w\" sizes=\"auto, (max-width:767px) 480px, 510px\" \/>\t\t\t\t\t\t\t\t\t\t\t\t\t\t\t<\/p>\n<h2 style=\"color: #1d1a55;\">Join PeopleInBest<\/h2>\n<p>If you want to join PeopleInBest, fill in the form and we will shortly get in touch.\n<div class=\"wpcf7 no-js\" id=\"wpcf7-f74-o1\" lang=\"en-US\" dir=\"ltr\" data-wpcf7-id=\"74\">\n<div class=\"screen-reader-response\"><p role=\"status\" aria-live=\"polite\" aria-atomic=\"true\"><\/p> <ul><\/ul><\/div>\n<form action=\"\/en\/wp-json\/wp\/v2\/pages\/1110#wpcf7-f74-o1\" method=\"post\" class=\"wpcf7-form init\" aria-label=\"Contact form\" novalidate=\"novalidate\" data-status=\"init\" data-trp-original-action=\"\/en\/wp-json\/wp\/v2\/pages\/1110#wpcf7-f74-o1\">\n<fieldset class=\"hidden-fields-container\"><input type=\"hidden\" name=\"_wpcf7\" value=\"74\" \/><input type=\"hidden\" name=\"_wpcf7_version\" value=\"6.1.5\" \/><input type=\"hidden\" name=\"_wpcf7_locale\" value=\"en_US\" \/><input type=\"hidden\" name=\"_wpcf7_unit_tag\" value=\"wpcf7-f74-o1\" \/><input type=\"hidden\" name=\"_wpcf7_container_post\" value=\"0\" \/><input type=\"hidden\" name=\"_wpcf7_posted_data_hash\" value=\"\" \/><input type=\"hidden\" name=\"_wpcf7_recaptcha_response\" value=\"\" \/>\n<\/fieldset>\n<div class=\"contact-input-wrapper\">\n\t<div class=\"column\" style=\"min-width: 80px\">\n\t\t<p><label style=\"margin-top: 8px;\">First Name:<\/label>\n\t\t<\/p>\n\t<\/div>\n\t<div class=\"column\" style=\"max-width: 269px; margin-right: 50px; position: relative;\">\n\t\t<p><span class=\"wpcf7-form-control-wrap\" data-name=\"nome\"><input size=\"40\" maxlength=\"400\" class=\"wpcf7-form-control wpcf7-text wpcf7-validates-as-required\" aria-required=\"true\" aria-invalid=\"false\" placeholder=\"first name\" value=\"\" type=\"text\" name=\"nome\" \/><\/span>\n\t\t<\/p>\n\t<\/div>\n\t<div class=\"column\" style=\"min-width: 80px\">\n\t\t<p><label style=\"margin-top: 8px;\">Surname:<\/label>\n\t\t<\/p>\n\t<\/div>\n\t<div class=\"column\" style=\"max-width: 269px; position: relative;\">\n\t\t<p><span class=\"wpcf7-form-control-wrap\" data-name=\"apelido\"><input size=\"40\" maxlength=\"400\" class=\"wpcf7-form-control wpcf7-text\" aria-invalid=\"false\" placeholder=\"surname\" value=\"\" type=\"text\" name=\"apelido\" \/><\/span>\n\t\t<\/p>\n\t<\/div>\n<\/div>\n<div class=\"contact-input-wrapper\">\n\t<div class=\"column\" style=\"min-width: 80px\">\n\t\t<p><label style=\"margin-top: 8px;\">Email:<\/label>\n\t\t<\/p>\n\t<\/div>\n\t<div class=\"column\" style=\"max-width: 269px; margin-right: 50px; position: relative;\">\n\t\t<p><span class=\"wpcf7-form-control-wrap\" data-name=\"email\"><input size=\"40\" maxlength=\"400\" class=\"wpcf7-form-control wpcf7-email wpcf7-validates-as-required wpcf7-text wpcf7-validates-as-email\" aria-required=\"true\" aria-invalid=\"false\" placeholder=\"email\" value=\"\" type=\"email\" name=\"email\" \/><\/span>\n\t\t<\/p>\n\t<\/div>\n\t<div class=\"column\" style=\"min-width: 80px\">\n\t\t<p><label style=\"margin-top: 8px;\">Phone Number:<\/label>\n\t\t<\/p>\n\t<\/div>\n\t<div class=\"column\" style=\"max-width: 269px; position: relative;\">\n\t\t<p><span class=\"wpcf7-form-control-wrap\" data-name=\"telefone\"><input size=\"40\" maxlength=\"400\" class=\"wpcf7-form-control wpcf7-tel wpcf7-text wpcf7-validates-as-tel\" aria-invalid=\"false\" placeholder=\"phone number\" value=\"\" type=\"tel\" name=\"telefone\" \/><\/span>\n\t\t<\/p>\n\t<\/div>\n<\/div>\n<div class=\"contact-input-wrapper\">\n\t<div class=\"column\" style=\"min-width: 80px\">\n\t\t<p><label style=\"margin-top: 8px;\">Company:<\/label>\n\t\t<\/p>\n\t<\/div>\n\t<div class=\"column\" style=\"max-width: 269px; margin-right: 50px; position: relative;\">\n\t\t<p><span class=\"wpcf7-form-control-wrap\" data-name=\"empresa\"><input size=\"40\" maxlength=\"400\" class=\"wpcf7-form-control wpcf7-text wpcf7-validates-as-required\" aria-required=\"true\" aria-invalid=\"false\" placeholder=\"company\" value=\"\" type=\"text\" name=\"empresa\" \/><\/span>\n\t\t<\/p>\n\t<\/div>\n\t<div class=\"column\" style=\"min-width: 80px\">\n\t\t<p><label style=\"margin-top: 8px;\">Role:<\/label>\n\t\t<\/p>\n\t<\/div>\n\t<div class=\"column\" style=\"max-width: 269px; position: relative;\">\n\t\t<p><span class=\"wpcf7-form-control-wrap\" data-name=\"cargo\"><input size=\"40\" maxlength=\"400\" class=\"wpcf7-form-control wpcf7-text\" aria-invalid=\"false\" placeholder=\"role\" value=\"\" type=\"text\" name=\"cargo\" \/><\/span>\n\t\t<\/p>\n\t<\/div>\n<\/div>\n<div class=\"contact-input-wrapper\">\n\t<div class=\"column\" style=\"min-width: 80px\">\n\t\t<p><label style=\"margin-top: 8px;\">Number of Employees:<\/label>\n\t\t<\/p>\n\t<\/div>\n\t<div class=\"column\" style=\"max-width: 269px; margin-right: 20px; position: relative;\">\n\t\t<p><span class=\"wpcf7-form-control-wrap\" data-name=\"funcionarios\"><input size=\"40\" maxlength=\"400\" class=\"wpcf7-form-control wpcf7-text wpcf7-validates-as-required\" aria-required=\"true\" aria-invalid=\"false\" placeholder=\"number of employees\" value=\"\" type=\"text\" name=\"funcionarios\" \/><\/span>\n\t\t<\/p>\n\t<\/div>\n\t<div class=\"column contact-button-submit\">\n\t\t<p><input class=\"wpcf7-form-control wpcf7-submit has-spinner\" type=\"submit\" value=\"Send Message\" \/>\n\t\t<\/p>\n\t<\/div>\n<\/div>\n<div class=\"contact-input-wrapper\">\n\t<div class=\"column checkbox\">\n\t\t<p><span class=\"wpcf7-form-control-wrap\" data-name=\"acceptance-545\"><span class=\"wpcf7-form-control wpcf7-acceptance\"><span class=\"wpcf7-list-item\"><label><input type=\"checkbox\" name=\"acceptance-545\" value=\"1\" aria-invalid=\"false\" \/><span class=\"wpcf7-list-item-label\">Ao clicar aceita os <a href=\"https:\/\/peopleinbest.pt\/en\/termos-e-condicoes\/\" target=\"_blank\"> termos e condi\u00e7\u00f5es. <\/a><\/span><\/label><\/span><\/span><\/span>\n\t\t<\/p>\n\t<\/div>\n<\/div><div class=\"wpcf7-response-output\" aria-hidden=\"true\"><\/div>\n<input type=\"hidden\" name=\"trp-form-language\" value=\"en\"\/><\/form>\n<\/div>\n<div id=\"wpgmza_map_1\" class=\"wpgmza_map wpgmza-auto-left\" style=\"display:block;width:100%;height:400px;overflow:hidden;position:relative;\" data-map-id=\"1\" data-maps-engine=\"open-layers\" data-build-engine=\"atlas-novus\" data-shortcode-attributes=\"{&quot;id&quot;:&quot;1&quot;,&quot;zoom&quot;:false,&quot;width&quot;:false,&quot;height&quot;:false,&quot;marker&quot;:false,&quot;classname&quot;:false}\" data-settings=\"{&quot;map_title&quot;:&quot;Mapa de Localiza\\u00e7\\u00f5es&quot;,&quot;map_width&quot;:&quot;100&quot;,&quot;map_height&quot;:&quot;400&quot;,&quot;map_start_lat&quot;:&quot;40.21941559999999&quot;,&quot;map_start_lng&quot;:&quot;-8.4281619&quot;,&quot;map_start_location&quot;:&quot;45.950464398418106,-109.81550500000003&quot;,&quot;map_start_zoom&quot;:&quot;7&quot;,&quot;default_marker&quot;:&quot;&quot;,&quot;type&quot;:&quot;0&quot;,&quot;alignment&quot;:&quot;4&quot;,&quot;directions_enabled&quot;:&quot;0&quot;,&quot;styling_enabled&quot;:&quot;0&quot;,&quot;styling_json&quot;:&quot;&quot;,&quot;active&quot;:&quot;0&quot;,&quot;kml&quot;:&quot;&quot;,&quot;bicycle&quot;:&quot;0&quot;,&quot;traffic&quot;:&quot;0&quot;,&quot;dbox&quot;:&quot;0&quot;,&quot;dbox_width&quot;:&quot;&quot;,&quot;listmarkers&quot;:&quot;0&quot;,&quot;listmarkers_advanced&quot;:&quot;0&quot;,&quot;filterbycat&quot;:&quot;0&quot;,&quot;ugm_enabled&quot;:&quot;0&quot;,&quot;ugm_category_enabled&quot;:&quot;0&quot;,&quot;fusion&quot;:&quot;&quot;,&quot;map_width_type&quot;:&quot;%&quot;,&quot;map_height_type&quot;:&quot;px&quot;,&quot;mass_marker_support&quot;:&quot;0&quot;,&quot;ugm_access&quot;:&quot;0&quot;,&quot;order_markers_by&quot;:&quot;0&quot;,&quot;order_markers_choice&quot;:&quot;0&quot;,&quot;show_user_location&quot;:&quot;0&quot;,&quot;default_to&quot;:&quot;&quot;,&quot;map_type&quot;:1,&quot;sl_stroke_color&quot;:&quot;&quot;,&quot;sl_fill_color&quot;:&quot;&quot;,&quot;sl_stroke_opacity&quot;:&quot;&quot;,&quot;sl_fill_opacity&quot;:&quot;&quot;,&quot;transport_layer&quot;:false,&quot;action&quot;:&quot;wpgmza_save_map&quot;,&quot;redirect_to&quot;:&quot;\\\/wp-admin\\\/admin-post.php&quot;,&quot;map_id&quot;:&quot;1&quot;,&quot;wpgmza_savemap&quot;:&quot;Salvar o mapa&quot;,&quot;http_referer&quot;:&quot;\\\/wp-admin\\\/admin.php?page=wp-google-maps-menu&amp;amp;action=edit&amp;amp;map_id=1&quot;,&quot;wpgmza_id&quot;:&quot;1&quot;,&quot;wpgmza_start_location&quot;:&quot;40.21941559999999,-8.4281619&quot;,&quot;wpgmza_start_zoom&quot;:&quot;7&quot;,&quot;wpgmza_map_align&quot;:&quot;1&quot;,&quot;store_locator_enabled&quot;:false,&quot;store_locator_distance&quot;:false,&quot;store_locator_search_area&quot;:&quot;radial&quot;,&quot;wpgmza_store_locator_default_radius&quot;:&quot;10&quot;,&quot;store_locator_auto_area_max_zoom&quot;:&quot;&quot;,&quot;wpgmza_store_locator_radius_style&quot;:&quot;legacy&quot;,&quot;store_locator_component_anchor&quot;:&quot;0&quot;,&quot;wpgmza_store_locator_bounce&quot;:false,&quot;wpgmza_sl_animation&quot;:null,&quot;store_locator_query_string&quot;:&quot;&quot;,&quot;store_locator_location_placeholder&quot;:&quot;&quot;,&quot;store_locator_default_address&quot;:&quot;&quot;,&quot;store_locator_name_search&quot;:false,&quot;store_locator_name_string&quot;:&quot;&quot;,&quot;store_locator_not_found_message&quot;:&quot;&quot;,&quot;store_locator_show_distance&quot;:false,&quot;store_locator_category&quot;:false,&quot;wpgmza_store_locator_use_their_location&quot;:false,&quot;wpgmza_store_locator_hide_before_search&quot;:false,&quot;store_locator_nearby_searches&quot;:false,&quot;wpgmza_ol_tile_filter&quot;:&quot;grayscale(100%)&quot;,&quot;wpgmza_theme_data&quot;:&quot;&quot;,&quot;custom_tile_enabled&quot;:false,&quot;custom_tile_image&quot;:&quot;&quot;,&quot;custom_tile_image_width&quot;:&quot;&quot;,&quot;custom_tile_image_height&quot;:&quot;&quot;,&quot;custom_tile_image_attribution&quot;:&quot;&quot;,&quot;iw_primary_color&quot;:&quot;#000000&quot;,&quot;iw_accent_color&quot;:&quot;#000000&quot;,&quot;iw_text_color&quot;:&quot;#000000&quot;,&quot;close_infowindow_on_map_click&quot;:false,&quot;marker_share_links&quot;:false,&quot;wpgmza_listmarkers_by&quot;:&quot;0&quot;,&quot;marker_listing_component_anchor&quot;:null,&quot;marker_listing_component_auto_open&quot;:false,&quot;dataTable_pagination_style&quot;:null,&quot;category_filter_component_anchor&quot;:null,&quot;zoom_level_on_marker_listing_override&quot;:false,&quot;zoom_level_on_marker_listing_click&quot;:&quot;&quot;,&quot;marker_listing_disable_zoom&quot;:false,&quot;datatable_no_result_message&quot;:&quot;&quot;,&quot;remove_search_box_datables&quot;:false,&quot;datatable_search_string&quot;:&quot;&quot;,&quot;datatable_result_start&quot;:&quot;&quot;,&quot;datatable_result_of&quot;:&quot;&quot;,&quot;datatable_result_to&quot;:&quot;&quot;,&quot;datatable_result_total&quot;:&quot;&quot;,&quot;datatable_result_show&quot;:&quot;&quot;,&quot;datatable_result_entries&quot;:&quot;&quot;,&quot;category_legends_enabled&quot;:false,&quot;category_legends_component_anchor&quot;:null,&quot;jump_to_nearest_marker_on_initialization&quot;:false,&quot;click_open_link&quot;:false,&quot;wpgmza_zoom_on_marker_click&quot;:false,&quot;wpgmza_zoom_on_marker_click_slider&quot;:&quot;&quot;,&quot;polygon_labels&quot;:false,&quot;disable_polygon_info_windows&quot;:false,&quot;fit_maps_bounds_to_markers&quot;:false,&quot;fit_maps_bounds_to_markers_after_filtering&quot;:false,&quot;automatically_pan_to_users_location&quot;:false,&quot;override_users_location_zoom_level&quot;:false,&quot;override_users_location_zoom_levels&quot;:&quot;&quot;,&quot;show_distance_from_location&quot;:false,&quot;map_starts_in_streetview&quot;:false,&quot;map_starts_in_streetview_location&quot;:&quot;&quot;,&quot;map_starts_in_streetview_heading&quot;:&quot;&quot;,&quot;map_starts_in_streetview_pitch&quot;:&quot;&quot;,&quot;map_max_zoom&quot;:&quot;21&quot;,&quot;map_min_zoom&quot;:&quot;0&quot;,&quot;hide_point_of_interest&quot;:false,&quot;disable_lightbox_images&quot;:false,&quot;use_Raw_Jpeg_Coordinates&quot;:false,&quot;enable_marker_ratings&quot;:false,&quot;only_load_markers_within_viewport&quot;:false,&quot;id&quot;:1}\" ><\/div><\/p>","protected":false},"excerpt":{"rendered":"<p>Talk to us info@peopleinbest.es Join PeopleInBest If you want to join PeopleInBest, fill in the form and we will shortly get in touch.<\/p>","protected":false},"author":1,"featured_media":0,"parent":0,"menu_order":0,"comment_status":"open","ping_status":"closed","template":"","meta":{"footnotes":""},"class_list":["post-1110","page","type-page","status-publish","hentry"],"yoast_head":"<!-- This site is optimized with the Yoast SEO plugin v27.4 - https:\/\/yoast.com\/product\/yoast-seo-wordpress\/ -->\n<title>Contactos - EN - PeopleInBest<\/title>\n<meta name=\"robots\" content=\"index, follow, max-snippet:-1, max-image-preview:large, max-video-preview:-1\" \/>\n<link rel=\"canonical\" href=\"https:\/\/peopleinbest.pt\/en\/contactos-en\/\" \/>\n<meta property=\"og:locale\" content=\"en_GB\" \/>\n<meta property=\"og:type\" content=\"article\" \/>\n<meta property=\"og:title\" content=\"Contactos - EN - PeopleInBest\" \/>\n<meta property=\"og:description\" content=\"Talk to us info@peopleinbest.es Join PeopleInBest If you want to join PeopleInBest, fill in the form and we will shortly get in touch.\" \/>\n<meta property=\"og:url\" content=\"https:\/\/peopleinbest.pt\/en\/contactos-en\/\" \/>\n<meta property=\"og:site_name\" content=\"PeopleInBest\" \/>\n<meta property=\"article:modified_time\" content=\"2023-07-06T15:26:37+00:00\" \/>\n<meta property=\"og:image\" content=\"https:\/\/peopleinbest.pt\/wp-content\/uploads\/2023\/05\/contactos.png\" \/>\n<meta name=\"twitter:card\" content=\"summary_large_image\" \/>\n<meta name=\"twitter:label1\" content=\"Estimated reading time\" \/>\n\t<meta name=\"twitter:data1\" content=\"1 minute\" \/>\n<script type=\"application\/ld+json\" class=\"yoast-schema-graph\">{\"@context\":\"https:\\\/\\\/schema.org\",\"@graph\":[{\"@type\":\"WebPage\",\"@id\":\"https:\\\/\\\/peopleinbest.pt\\\/contactos-en\\\/\",\"url\":\"https:\\\/\\\/peopleinbest.pt\\\/contactos-en\\\/\",\"name\":\"Contactos - EN - PeopleInBest\",\"isPartOf\":{\"@id\":\"https:\\\/\\\/peopleinbest.pt\\\/#website\"},\"primaryImageOfPage\":{\"@id\":\"https:\\\/\\\/peopleinbest.pt\\\/contactos-en\\\/#primaryimage\"},\"image\":{\"@id\":\"https:\\\/\\\/peopleinbest.pt\\\/contactos-en\\\/#primaryimage\"},\"thumbnailUrl\":\"https:\\\/\\\/peopleinbest.pt\\\/wp-content\\\/uploads\\\/2023\\\/05\\\/contactos.png\",\"datePublished\":\"2023-07-03T18:45:16+00:00\",\"dateModified\":\"2023-07-06T15:26:37+00:00\",\"inLanguage\":\"en-GB\",\"potentialAction\":[{\"@type\":\"ReadAction\",\"target\":[\"https:\\\/\\\/peopleinbest.pt\\\/contactos-en\\\/\"]}]},{\"@type\":\"ImageObject\",\"inLanguage\":\"en-GB\",\"@id\":\"https:\\\/\\\/peopleinbest.pt\\\/contactos-en\\\/#primaryimage\",\"url\":\"https:\\\/\\\/peopleinbest.pt\\\/wp-content\\\/uploads\\\/2023\\\/05\\\/contactos.png\",\"contentUrl\":\"https:\\\/\\\/peopleinbest.pt\\\/wp-content\\\/uploads\\\/2023\\\/05\\\/contactos.png\"},{\"@type\":\"WebSite\",\"@id\":\"https:\\\/\\\/peopleinbest.pt\\\/#website\",\"url\":\"https:\\\/\\\/peopleinbest.pt\\\/\",\"name\":\"PeopleInBest\",\"description\":\"Benef\u00edcios Flex\u00edveis \u00e0 medida de cada neg\u00f3cio.\",\"publisher\":{\"@id\":\"https:\\\/\\\/peopleinbest.pt\\\/#organization\"},\"alternateName\":\"People in Best\",\"potentialAction\":[{\"@type\":\"SearchAction\",\"target\":{\"@type\":\"EntryPoint\",\"urlTemplate\":\"https:\\\/\\\/peopleinbest.pt\\\/?s={search_term_string}\"},\"query-input\":{\"@type\":\"PropertyValueSpecification\",\"valueRequired\":true,\"valueName\":\"search_term_string\"}}],\"inLanguage\":\"en-GB\"},{\"@type\":\"Organization\",\"@id\":\"https:\\\/\\\/peopleinbest.pt\\\/#organization\",\"name\":\"PeopleInBest\",\"alternateName\":\"People in Best\",\"url\":\"https:\\\/\\\/peopleinbest.pt\\\/\",\"logo\":{\"@type\":\"ImageObject\",\"inLanguage\":\"en-GB\",\"@id\":\"https:\\\/\\\/peopleinbest.pt\\\/#\\\/schema\\\/logo\\\/image\\\/\",\"url\":\"https:\\\/\\\/peopleinbest.pt\\\/wp-content\\\/uploads\\\/2023\\\/08\\\/logotipo.png\",\"contentUrl\":\"https:\\\/\\\/peopleinbest.pt\\\/wp-content\\\/uploads\\\/2023\\\/08\\\/logotipo.png\",\"width\":977,\"height\":159,\"caption\":\"PeopleInBest\"},\"image\":{\"@id\":\"https:\\\/\\\/peopleinbest.pt\\\/#\\\/schema\\\/logo\\\/image\\\/\"}}]}<\/script>\n<!-- \/ Yoast SEO plugin. -->","yoast_head_json":{"title":"Contactos - EN - PeopleInBest","robots":{"index":"index","follow":"follow","max-snippet":"max-snippet:-1","max-image-preview":"max-image-preview:large","max-video-preview":"max-video-preview:-1"},"canonical":"https:\/\/peopleinbest.pt\/en\/contactos-en\/","og_locale":"en_GB","og_type":"article","og_title":"Contactos - EN - PeopleInBest","og_description":"Talk to us info@peopleinbest.es Join PeopleInBest If you want to join PeopleInBest, fill in the form and we will shortly get in touch.","og_url":"https:\/\/peopleinbest.pt\/en\/contactos-en\/","og_site_name":"PeopleInBest","article_modified_time":"2023-07-06T15:26:37+00:00","og_image":[{"url":"https:\/\/peopleinbest.pt\/wp-content\/uploads\/2023\/05\/contactos.png","type":"","width":"","height":""}],"twitter_card":"summary_large_image","twitter_misc":{"Estimated reading time":"1 minute"},"schema":{"@context":"https:\/\/schema.org","@graph":[{"@type":"WebPage","@id":"https:\/\/peopleinbest.pt\/contactos-en\/","url":"https:\/\/peopleinbest.pt\/contactos-en\/","name":"Contactos - EN - PeopleInBest","isPartOf":{"@id":"https:\/\/peopleinbest.pt\/#website"},"primaryImageOfPage":{"@id":"https:\/\/peopleinbest.pt\/contactos-en\/#primaryimage"},"image":{"@id":"https:\/\/peopleinbest.pt\/contactos-en\/#primaryimage"},"thumbnailUrl":"https:\/\/peopleinbest.pt\/wp-content\/uploads\/2023\/05\/contactos.png","datePublished":"2023-07-03T18:45:16+00:00","dateModified":"2023-07-06T15:26:37+00:00","inLanguage":"en-GB","potentialAction":[{"@type":"ReadAction","target":["https:\/\/peopleinbest.pt\/contactos-en\/"]}]},{"@type":"ImageObject","inLanguage":"en-GB","@id":"https:\/\/peopleinbest.pt\/contactos-en\/#primaryimage","url":"https:\/\/peopleinbest.pt\/wp-content\/uploads\/2023\/05\/contactos.png","contentUrl":"https:\/\/peopleinbest.pt\/wp-content\/uploads\/2023\/05\/contactos.png"},{"@type":"WebSite","@id":"https:\/\/peopleinbest.pt\/#website","url":"https:\/\/peopleinbest.pt\/","name":"PeopleInBest","description":"Benef\u00edcios Flex\u00edveis \u00e0 medida de cada neg\u00f3cio.","publisher":{"@id":"https:\/\/peopleinbest.pt\/#organization"},"alternateName":"People in Best","potentialAction":[{"@type":"SearchAction","target":{"@type":"EntryPoint","urlTemplate":"https:\/\/peopleinbest.pt\/?s={search_term_string}"},"query-input":{"@type":"PropertyValueSpecification","valueRequired":true,"valueName":"search_term_string"}}],"inLanguage":"en-GB"},{"@type":"Organization","@id":"https:\/\/peopleinbest.pt\/#organization","name":"PeopleInBest","alternateName":"People in Best","url":"https:\/\/peopleinbest.pt\/","logo":{"@type":"ImageObject","inLanguage":"en-GB","@id":"https:\/\/peopleinbest.pt\/#\/schema\/logo\/image\/","url":"https:\/\/peopleinbest.pt\/wp-content\/uploads\/2023\/08\/logotipo.png","contentUrl":"https:\/\/peopleinbest.pt\/wp-content\/uploads\/2023\/08\/logotipo.png","width":977,"height":159,"caption":"PeopleInBest"},"image":{"@id":"https:\/\/peopleinbest.pt\/#\/schema\/logo\/image\/"}}]}},"_links":{"self":[{"href":"https:\/\/peopleinbest.pt\/en\/wp-json\/wp\/v2\/pages\/1110","targetHints":{"allow":["GET"]}}],"collection":[{"href":"https:\/\/peopleinbest.pt\/en\/wp-json\/wp\/v2\/pages"}],"about":[{"href":"https:\/\/peopleinbest.pt\/en\/wp-json\/wp\/v2\/types\/page"}],"author":[{"embeddable":true,"href":"https:\/\/peopleinbest.pt\/en\/wp-json\/wp\/v2\/users\/1"}],"replies":[{"embeddable":true,"href":"https:\/\/peopleinbest.pt\/en\/wp-json\/wp\/v2\/comments?post=1110"}],"version-history":[{"count":10,"href":"https:\/\/peopleinbest.pt\/en\/wp-json\/wp\/v2\/pages\/1110\/revisions"}],"predecessor-version":[{"id":1224,"href":"https:\/\/peopleinbest.pt\/en\/wp-json\/wp\/v2\/pages\/1110\/revisions\/1224"}],"wp:attachment":[{"href":"https:\/\/peopleinbest.pt\/en\/wp-json\/wp\/v2\/media?parent=1110"}],"curies":[{"name":"wp","href":"https:\/\/api.w.org\/{rel}","templated":true}]}}