{"id":1603,"date":"2024-03-19T14:51:20","date_gmt":"2024-03-19T14:51:20","guid":{"rendered":"https:\/\/peopleinbest.pt\/?page_id=1603"},"modified":"2025-01-28T15:51:44","modified_gmt":"2025-01-28T15:51:44","slug":"politica-cookies","status":"publish","type":"page","link":"https:\/\/peopleinbest.pt\/en\/politica-cookies\/","title":{"rendered":"Pol\u00edtica de cookies"},"content":{"rendered":"","protected":false},"excerpt":{"rendered":"","protected":false},"author":2,"featured_media":0,"parent":0,"menu_order":0,"comment_status":"closed","ping_status":"closed","template":"","meta":{"footnotes":""},"class_list":["post-1603","page","type-page","status-publish","hentry"],"yoast_head":"<!-- This site is optimized with the Yoast SEO plugin v27.4 - https:\/\/yoast.com\/product\/yoast-seo-wordpress\/ -->\n<title>Pol\u00edtica de cookies - PeopleInBest<\/title>\n<meta name=\"robots\" content=\"index, follow, max-snippet:-1, max-image-preview:large, max-video-preview:-1\" \/>\n<link rel=\"canonical\" href=\"https:\/\/peopleinbest.pt\/en\/politica-cookies\/\" \/>\n<meta property=\"og:locale\" content=\"en_GB\" \/>\n<meta property=\"og:type\" content=\"article\" \/>\n<meta property=\"og:title\" content=\"Pol\u00edtica de cookies - PeopleInBest\" \/>\n<meta property=\"og:url\" content=\"https:\/\/peopleinbest.pt\/en\/politica-cookies\/\" \/>\n<meta property=\"og:site_name\" content=\"PeopleInBest\" \/>\n<meta property=\"article:modified_time\" content=\"2025-01-28T15:51:44+00:00\" \/>\n<meta name=\"twitter:card\" content=\"summary_large_image\" \/>\n<script type=\"application\/ld+json\" class=\"yoast-schema-graph\">{\"@context\":\"https:\\\/\\\/schema.org\",\"@graph\":[{\"@type\":\"WebPage\",\"@id\":\"https:\\\/\\\/peopleinbest.pt\\\/politica-cookies\\\/\",\"url\":\"https:\\\/\\\/peopleinbest.pt\\\/politica-cookies\\\/\",\"name\":\"Pol\u00edtica de cookies - PeopleInBest\",\"isPartOf\":{\"@id\":\"https:\\\/\\\/peopleinbest.pt\\\/#website\"},\"datePublished\":\"2024-03-19T14:51:20+00:00\",\"dateModified\":\"2025-01-28T15:51:44+00:00\",\"inLanguage\":\"en-GB\",\"potentialAction\":[{\"@type\":\"ReadAction\",\"target\":[\"https:\\\/\\\/peopleinbest.pt\\\/politica-cookies\\\/\"]}]},{\"@type\":\"WebSite\",\"@id\":\"https:\\\/\\\/peopleinbest.pt\\\/#website\",\"url\":\"https:\\\/\\\/peopleinbest.pt\\\/\",\"name\":\"PeopleInBest\",\"description\":\"Benef\u00edcios Flex\u00edveis \u00e0 medida de cada neg\u00f3cio.\",\"publisher\":{\"@id\":\"https:\\\/\\\/peopleinbest.pt\\\/#organization\"},\"alternateName\":\"People in Best\",\"potentialAction\":[{\"@type\":\"SearchAction\",\"target\":{\"@type\":\"EntryPoint\",\"urlTemplate\":\"https:\\\/\\\/peopleinbest.pt\\\/?s={search_term_string}\"},\"query-input\":{\"@type\":\"PropertyValueSpecification\",\"valueRequired\":true,\"valueName\":\"search_term_string\"}}],\"inLanguage\":\"en-GB\"},{\"@type\":\"Organization\",\"@id\":\"https:\\\/\\\/peopleinbest.pt\\\/#organization\",\"name\":\"PeopleInBest\",\"alternateName\":\"People in Best\",\"url\":\"https:\\\/\\\/peopleinbest.pt\\\/\",\"logo\":{\"@type\":\"ImageObject\",\"inLanguage\":\"en-GB\",\"@id\":\"https:\\\/\\\/peopleinbest.pt\\\/#\\\/schema\\\/logo\\\/image\\\/\",\"url\":\"https:\\\/\\\/peopleinbest.pt\\\/wp-content\\\/uploads\\\/2023\\\/08\\\/logotipo.png\",\"contentUrl\":\"https:\\\/\\\/peopleinbest.pt\\\/wp-content\\\/uploads\\\/2023\\\/08\\\/logotipo.png\",\"width\":977,\"height\":159,\"caption\":\"PeopleInBest\"},\"image\":{\"@id\":\"https:\\\/\\\/peopleinbest.pt\\\/#\\\/schema\\\/logo\\\/image\\\/\"}}]}<\/script>\n<!-- \/ Yoast SEO plugin. -->","yoast_head_json":{"title":"Pol\u00edtica de cookies - PeopleInBest","robots":{"index":"index","follow":"follow","max-snippet":"max-snippet:-1","max-image-preview":"max-image-preview:large","max-video-preview":"max-video-preview:-1"},"canonical":"https:\/\/peopleinbest.pt\/en\/politica-cookies\/","og_locale":"en_GB","og_type":"article","og_title":"Pol\u00edtica de cookies - PeopleInBest","og_url":"https:\/\/peopleinbest.pt\/en\/politica-cookies\/","og_site_name":"PeopleInBest","article_modified_time":"2025-01-28T15:51:44+00:00","twitter_card":"summary_large_image","schema":{"@context":"https:\/\/schema.org","@graph":[{"@type":"WebPage","@id":"https:\/\/peopleinbest.pt\/politica-cookies\/","url":"https:\/\/peopleinbest.pt\/politica-cookies\/","name":"Pol\u00edtica de cookies - PeopleInBest","isPartOf":{"@id":"https:\/\/peopleinbest.pt\/#website"},"datePublished":"2024-03-19T14:51:20+00:00","dateModified":"2025-01-28T15:51:44+00:00","inLanguage":"en-GB","potentialAction":[{"@type":"ReadAction","target":["https:\/\/peopleinbest.pt\/politica-cookies\/"]}]},{"@type":"WebSite","@id":"https:\/\/peopleinbest.pt\/#website","url":"https:\/\/peopleinbest.pt\/","name":"PeopleInBest","description":"Benef\u00edcios Flex\u00edveis \u00e0 medida de cada neg\u00f3cio.","publisher":{"@id":"https:\/\/peopleinbest.pt\/#organization"},"alternateName":"People in Best","potentialAction":[{"@type":"SearchAction","target":{"@type":"EntryPoint","urlTemplate":"https:\/\/peopleinbest.pt\/?s={search_term_string}"},"query-input":{"@type":"PropertyValueSpecification","valueRequired":true,"valueName":"search_term_string"}}],"inLanguage":"en-GB"},{"@type":"Organization","@id":"https:\/\/peopleinbest.pt\/#organization","name":"PeopleInBest","alternateName":"People in Best","url":"https:\/\/peopleinbest.pt\/","logo":{"@type":"ImageObject","inLanguage":"en-GB","@id":"https:\/\/peopleinbest.pt\/#\/schema\/logo\/image\/","url":"https:\/\/peopleinbest.pt\/wp-content\/uploads\/2023\/08\/logotipo.png","contentUrl":"https:\/\/peopleinbest.pt\/wp-content\/uploads\/2023\/08\/logotipo.png","width":977,"height":159,"caption":"PeopleInBest"},"image":{"@id":"https:\/\/peopleinbest.pt\/#\/schema\/logo\/image\/"}}]}},"_links":{"self":[{"href":"https:\/\/peopleinbest.pt\/en\/wp-json\/wp\/v2\/pages\/1603","targetHints":{"allow":["GET"]}}],"collection":[{"href":"https:\/\/peopleinbest.pt\/en\/wp-json\/wp\/v2\/pages"}],"about":[{"href":"https:\/\/peopleinbest.pt\/en\/wp-json\/wp\/v2\/types\/page"}],"author":[{"embeddable":true,"href":"https:\/\/peopleinbest.pt\/en\/wp-json\/wp\/v2\/users\/2"}],"replies":[{"embeddable":true,"href":"https:\/\/peopleinbest.pt\/en\/wp-json\/wp\/v2\/comments?post=1603"}],"version-history":[{"count":5,"href":"https:\/\/peopleinbest.pt\/en\/wp-json\/wp\/v2\/pages\/1603\/revisions"}],"predecessor-version":[{"id":1621,"href":"https:\/\/peopleinbest.pt\/en\/wp-json\/wp\/v2\/pages\/1603\/revisions\/1621"}],"wp:attachment":[{"href":"https:\/\/peopleinbest.pt\/en\/wp-json\/wp\/v2\/media?parent=1603"}],"curies":[{"name":"wp","href":"https:\/\/api.w.org\/{rel}","templated":true}]}}